{"id":2923,"date":"2019-10-11T22:33:24","date_gmt":"2019-10-11T20:33:24","guid":{"rendered":"http:\/\/cuestionesclave.com\/politique-sur-les-temoins\/"},"modified":"2019-10-11T22:33:24","modified_gmt":"2019-10-11T20:33:24","slug":"politique-sur-les-temoins","status":"publish","type":"page","link":"https:\/\/cuestionesclave.com\/fr\/politique-sur-les-temoins\/","title":{"rendered":"Politique sur les t\u00e9moins"},"content":{"rendered":"<p>[et_pb_section fb_built=\u00a0\u00bb1&Prime; fullwidth=\u00a0\u00bbon\u00a0\u00bb custom_padding_last_edited=\u00a0\u00bbon|desktop\u00a0\u00bb _builder_version=\u00a0\u00bb3.22.3&Prime; custom_padding=\u00a0\u00bb||0px|\u00a0\u00bb custom_padding_tablet=\u00a0\u00bb50px|0|50px|0&Prime; transparent_background=\u00a0\u00bboff\u00a0\u00bb padding_mobile=\u00a0\u00bboff\u00a0\u00bb make_fullwidth=\u00a0\u00bboff\u00a0\u00bb use_custom_width=\u00a0\u00bboff\u00a0\u00bb width_unit=\u00a0\u00bbon\u00a0\u00bb fb_built=\u00a0\u00bb1&Prime; _i=\u00a0\u00bb0&Prime; _address=\u00a0\u00bb0&Prime;][et_pb_fullwidth_image src=\u00a0\u00bbhttp:\/\/cuestionesclave.com\/wp-content\/uploads\/2019\/10\/cabecera-aviso-legal.jpg\u00a0\u00bb _builder_version=\u00a0\u00bb3.0.87&Prime; animation=\u00a0\u00bboff\u00a0\u00bb use_border_color=\u00a0\u00bboff\u00a0\u00bb border_color=\u00a0\u00bb#ffffff\u00a0\u00bb border_style=\u00a0\u00bbsolid\u00a0\u00bb _i=\u00a0\u00bb0&Prime; _address=\u00a0\u00bb0.0&Prime;][\/et_pb_fullwidth_image][\/et_pb_section][et_pb_section fb_built=\u00a0\u00bb1&Prime; custom_padding_last_edited=\u00a0\u00bbon|desktop\u00a0\u00bb admin_label=\u00a0\u00bbsection\u00a0\u00bb _builder_version=\u00a0\u00bb3.22.3&Prime; custom_padding=\u00a0\u00bb40px|||\u00a0\u00bb custom_padding_tablet=\u00a0\u00bb50px|0|50px|0&Prime; transparent_background=\u00a0\u00bboff\u00a0\u00bb padding_mobile=\u00a0\u00bboff\u00a0\u00bb make_fullwidth=\u00a0\u00bboff\u00a0\u00bb use_custom_width=\u00a0\u00bboff\u00a0\u00bb width_unit=\u00a0\u00bbon\u00a0\u00bb fb_built=\u00a0\u00bb1&Prime; _i=\u00a0\u00bb1&Prime; _address=\u00a0\u00bb1&Prime;][et_pb_row column_structure=\u00a0\u00bb1_5,3_5,1_5&Prime; _builder_version=\u00a0\u00bb3.25&Prime; background_size=\u00a0\u00bbinitial\u00a0\u00bb background_position=\u00a0\u00bbtop_left\u00a0\u00bb background_repeat=\u00a0\u00bbrepeat\u00a0\u00bb _i=\u00a0\u00bb0&Prime; _address=\u00a0\u00bb1.0&Prime;][et_pb_column type=\u00a0\u00bb1_5&Prime; _builder_version=\u00a0\u00bb3.25&Prime; custom_padding=\u00a0\u00bb|||\u00a0\u00bb _i=\u00a0\u00bb0&Prime; _address=\u00a0\u00bb1.0.0&Prime; custom_padding__hover=\u00a0\u00bb|||\u00a0\u00bb][\/et_pb_column][et_pb_column type=\u00a0\u00bb3_5&Prime; _builder_version=\u00a0\u00bb3.25&Prime; custom_padding=\u00a0\u00bb|||\u00a0\u00bb _i=\u00a0\u00bb1&Prime; _address=\u00a0\u00bb1.0.1&Prime; custom_padding__hover=\u00a0\u00bb|||\u00a0\u00bb][et_pb_text _builder_version=\u00a0\u00bb3.29.3&Prime; background_size=\u00a0\u00bbinitial\u00a0\u00bb background_position=\u00a0\u00bbtop_left\u00a0\u00bb background_repeat=\u00a0\u00bbrepeat\u00a0\u00bb hover_enabled=\u00a0\u00bb0&Prime; use_border_color=\u00a0\u00bboff\u00a0\u00bb border_color=\u00a0\u00bb#ffffff\u00a0\u00bb border_style=\u00a0\u00bbsolid\u00a0\u00bb _i=\u00a0\u00bb0&Prime; _address=\u00a0\u00bb1.0.1.0&Prime;]<\/p>\n<h2>Pol\u00edtica de cookies de cuestionesclave.com<\/h2>\n<p>[\/et_pb_text][et_pb_accordion _builder_version=\u00a0\u00bb3.12.2&Prime; toggle_font_size=\u00a0\u00bb18&Prime; custom_padding=\u00a0\u00bb40px||40px|\u00a0\u00bb use_border_color=\u00a0\u00bboff\u00a0\u00bb _i=\u00a0\u00bb1&Prime; _address=\u00a0\u00bb1.0.1.1&Prime;][et_pb_accordion_item title=\u00a0\u00bb1. Definici\u00f3n de Cookies\u00a0\u00bb _builder_version=\u00a0\u00bb3.12.2&Prime; _i=\u00a0\u00bb0&Prime; _address=\u00a0\u00bb1.0.1.1.0&Prime; open=\u00a0\u00bbon\u00a0\u00bb]<\/p>\n<p style=\"text-align: justify;\">Las cookies son archivos de texto que un servidor web almacena o graba en el equipo inform\u00e1tico o dispositivo electr\u00f3nico del usuario de un sitio o p\u00e1gina web, entendi\u00e9ndose por usuario, la persona f\u00edsica que accede al sitio o p\u00e1gina web.<\/p>\n<p style=\"text-align: justify;\">Las cookies pueden almacenar informaci\u00f3n tanto del equipo terminal o sesi\u00f3n de navegaci\u00f3n que accede a un sitio o p\u00e1gina web, como de los lugares por los que se navega. De esta manera, cuando el usuario vuelve a acceder al sitio o p\u00e1gina web, el servidor lee las cookies para facilitar y configurar la navegaci\u00f3n, establecer o recuperar las preferencias del usuario y personalizar la publicidad a trav\u00e9s de los sitios o p\u00e1ginas webs. En caso de que el usuario no permita el uso de las cookies, determinados servicios o funcionalidades del sitio o p\u00e1gina web pueden no estar disponibles para el usuario.<\/p>\n<p>[\/et_pb_accordion_item][et_pb_accordion_item title=\u00a0\u00bb2. Consentimiento para el uso de las Cookies\u00a0\u00bb _builder_version=\u00a0\u00bb3.12.2&Prime; _i=\u00a0\u00bb1&Prime; _address=\u00a0\u00bb1.0.1.1.1&Prime; open=\u00a0\u00bboff\u00a0\u00bb]<\/p>\n<p style=\"text-align: justify;\">En cumplimiento de lo dispuesto en el art\u00edculo 22.2 de la Ley 34\/2002, de 12 de julio, de Servicios de la Sociedad de la Informaci\u00f3n y el Comercio Electr\u00f3nico (&lsquo;LSSI&rsquo;), <strong>Cuestiones Clave, S.L.<\/strong> \u00fanicamente utilizar\u00e1 dispositivos de almacenamiento y recuperaci\u00f3n de datos (&lsquo;Cookies&rsquo;) cuando el usuario haya dado su consentimiento previo para ello de acuerdo con lo que se indica en la ventana emergente del navegador del usuario cuando accede por primera vez al Portal y en los dem\u00e1s t\u00e9rminos y condiciones que se indican en la Pol\u00edtica de Cookies de\u00a0<strong>Cuestiones Clave, S.L.<\/strong>\u00a0que todo usuario debe conocer.<\/p>\n<p style=\"text-align: justify;\">Una vez otorgado por el usuario su consentimiento aceptando las cookies y mientras dichas cookies se mantengan en el equipo inform\u00e1tico o dispositivo electr\u00f3nico del usuario, se entender\u00e1 que el consentimiento contin\u00faa otorgado para los posteriores accesos realizados por el usuario al sitio web www.cuestionesclave.com, no teniendo el usuario que consentir nuevamente el uso de las cookies cada vez que acceda al citado sitio web. En cualquier momento, el usuario puede rechazar el consentimiento otorgado, borrando de su navegador las cookies utilizadas en el sitio web www.cuestionesclave.com y no aceptando el uso de cookies en su equipo inform\u00e1tico o dispositivo electr\u00f3nico para rechazar las cookies, en cuyo caso, se informa al usuario que determinados servicios y contenidos pueden estar limitados, no pudiendo el usuario disfrutar de los mismos.<\/p>\n<p>[\/et_pb_accordion_item][et_pb_accordion_item title=\u00a0\u00bb3. Configuraci\u00f3n del navegador para el uso de cookies\u00a0\u00bb _builder_version=\u00a0\u00bb3.12.2&Prime; _i=\u00a0\u00bb2&Prime; _address=\u00a0\u00bb1.0.1.1.2&Prime; open=\u00a0\u00bboff\u00a0\u00bb]<\/p>\n<p style=\"text-align: justify;\">El usuario del sitio o p\u00e1gina web puede configurar su navegador para aceptar o rechazar el almacenamiento de las cookies y borrar estas cookies de su equipo inform\u00e1tico o dispositivo electr\u00f3nico, en cualquier momento, o una vez terminada la sesi\u00f3n o cierre del navegador o dispositivo electr\u00f3nico.<\/p>\n<p style=\"text-align: justify;\">La configuraci\u00f3n para la aceptaci\u00f3n, rechazo o borrado de las cookies de los principales navegadores puede realizarse (enlaces consulta configuraci\u00f3n):<\/p>\n<p style=\"text-align: left;\"><strong>Microsoft IExplorer<\/strong>: <a href=\"https:\/\/support.microsoft.com\/es-es\/help\/17442\/windows-internet-explorer-delete-manage-cookies\" target=\"_blank\" rel=\"noopener noreferrer\">https:\/\/support.microsoft.com\/es-es\/help\/17442\/windows-internet-explorer-delete-manage-cookies<\/a><br \/>\n<strong>Microsoft Edge<\/strong>: <a href=\"https:\/\/privacy.microsoft.com\/es-ES\/windows-10-microsoft-edge-and-privacy\" target=\"_blank\" rel=\"noopener noreferrer\">https:\/\/privacy.microsoft.com\/es-ES\/windows-10-microsoft-edge-and-privacy<\/a><br \/>\n<strong>Chrome<\/strong>: <a href=\"http:\/\/support.google.com\/chrome\/bin\/answer.py?hl=es&amp;answer=114836\" target=\"_blank\" rel=\"noopener noreferrer\">http:\/\/support.google.com\/chrome\/bin\/answer.py?hl=es&amp;answer=114836<\/a><br \/>\n<strong>Firefox<\/strong>: <a href=\"https:\/\/support.mozilla.org\/es\/kb\/habilitar-y-deshabilitar-cookies-sitios-web-rastrear-preferencias\" target=\"_blank\" rel=\"noopener noreferrer\">https:\/\/support.mozilla.org\/es\/kb\/habilitar-y-deshabilitar-cookies-sitios-web-rastrear-preferencias<\/a><br \/>\n<strong>Safari<\/strong>: <a href=\"http:\/\/support.apple.com\/kb\/HT1677?viewlocale=es_ES\" target=\"_blank\" rel=\"noopener noreferrer\">http:\/\/support.apple.com\/kb\/HT1677?viewlocale=es_ES<\/a><br \/>\n<strong>Opera<\/strong>: <a href=\"http:\/\/help.opera.com\/Linux\/10.60\/es-ES\/cookies.html\" target=\"_blank\" rel=\"noopener noreferrer\">http:\/\/help.opera.com\/Linux\/10.60\/es-ES\/cookies.html<\/a><\/p>\n<p style=\"text-align: justify;\"><em>* <strong>Cuestiones Clave, S.L.<\/strong> no se hace responsable de la modificaci\u00f3n de los enlaces web por las diferentes empresas responsables de los navegadores m\u00e1s comunes.<\/em><\/p>\n<p style=\"text-align: justify;\">Para m\u00e1s informaci\u00f3n sobre la configuraci\u00f3n de los navegadores con el fin de aceptar, rechazar o borrar las cookies en los equipos inform\u00e1ticos o dispositivos electr\u00f3nicos, el usuario puede acceder a la opci\u00f3n \u201cAyuda\u201d de la barra de herramientas del navegador.<\/p>\n<p>&nbsp;[\/et_pb_accordion_item][et_pb_accordion_item title=\u00a0\u00bb4. Cookies del sitio o p\u00e1gina web www.cuestionesclave.com\u00a0\u00bb _builder_version=\u00a0\u00bb3.12.2&Prime; _i=\u00a0\u00bb3&Prime; _address=\u00a0\u00bb1.0.1.1.3&Prime; open=\u00a0\u00bboff\u00a0\u00bb]<\/p>\n<p style=\"text-align: justify;\">En cumplimiento de lo dispuesto en la Ley 34\/2002, de 11 de julio, de servicios de la sociedad de la informaci\u00f3n y de comercio electr\u00f3nico, se informa al usuario que el sitio o p\u00e1gina web www.cuestionesclave.com utiliza cookies que caducan (se borran) al final de la sesi\u00f3n, que se mantienen durante un periodo temporal concreto y\/o que permanecen (duraderas) en el tiempo.<\/p>\n<p style=\"text-align: justify;\"><img loading=\"lazy\" decoding=\"async\" class=\"alignnone wp-image-914 \" src=\"http:\/\/cuestionesclave.com\/wp-content\/uploads\/2019\/10\/cookies.jpg\" width=\"740\" height=\"592\" \/><\/p>\n<p style=\"text-align: justify;\">Puede consultar m\u00e1s informaci\u00f3n sobre las cookies de terceros y su pol\u00edtica de uso, as\u00ed como el tratamiento de los datos personales en:<\/p>\n<p style=\"text-align: left;\">Google Analytics: https:\/\/developers.google.com\/analytics\/devguides\/collection\/analyticsjs\/cookie-usage?hl=es-419.<\/p>\n<p>[\/et_pb_accordion_item][et_pb_accordion_item title=\u00a0\u00bb5. Tratamiento de datos personales\u00a0\u00bb open=\u00a0\u00bboff\u00a0\u00bb _builder_version=\u00a0\u00bb3.12.2&Prime; _i=\u00a0\u00bb4&Prime; _address=\u00a0\u00bb1.0.1.1.4&Prime;]<\/p>\n<p style=\"text-align: justify;\">En cumplimiento de lo dispuesto en la Ley Org\u00e1nica 15\/1999, de 13 de diciembre, de protecci\u00f3n de datos de car\u00e1cter personal, se informa al usuario que los datos personales recabados por la utilizaci\u00f3n de cookies en el sitio web www.cuestionesclave.com, la posible identificaci\u00f3n de personas f\u00edsicas a trav\u00e9s del uso de cookies seg\u00fan los servicios disfrutados por el usuario o a los que dicho usuario acceda en el sitio web www.cuestionesclave.com, o la configuraci\u00f3n que mantenga el equipo terminal del usuario, ser\u00e1n tratados como responsable del tratamiento por <strong>Cuestiones Clave, S.L.<\/strong> para facilitar y mejorar la navegaci\u00f3n en el sitio web www.cuestionesclave.com y analizar las visitas. En el caso del uso de cookies por otras entidades (cookies de terceros) a trav\u00e9s del sitio web www.cuestionesclave.com ser\u00e1n dichas terceras entidades las responsables del tratamiento de los datos personales del usuario para los fines determinados por estas terceras entidades.<\/p>\n<p style=\"text-align: justify;\">El usuario que acepte las cookies, accediendo o navegando por el sitio web www.cuestionesclave.com, sin rechazar o borrar tales cookies, estar\u00e1 consintiendo la recogida y tratamiento de sus datos personales para las finalidades anteriormente indicadas. El usuario que no consienta el tratamiento de sus datos personales con los fines citados, deber\u00e1 borrar las cookies y configurar su navegador para no permitir el almacenamiento de las cookies en su equipo inform\u00e1tico o dispositivo electr\u00f3nico. El usuario puede ejercitar los derechos de acceso, rectificaci\u00f3n, cancelaci\u00f3n y oposici\u00f3n de sus datos personales tratados a trav\u00e9s de las cookies propias, mediante solicitud escrita a <strong>Cuestiones Clave, S.L.<\/strong> en la siguiente direcci\u00f3n:Calle Puente Verde, 1 &#8211;\u00a018008 Granada, Espa\u00f1a, aportando la informaci\u00f3n indicada en el apartado de derechos de acceso, rectificaci\u00f3n, cancelaci\u00f3n y oposici\u00f3n de la Pol\u00edtica de Privacidad y Protecci\u00f3n de Datos Personales del sitio web www.cuestionesclave.com.<\/p>\n<p>[\/et_pb_accordion_item][et_pb_accordion_item title=\u00a0\u00bb6. Contacto\u00a0\u00bb _builder_version=\u00a0\u00bb3.22.7&Prime; _i=\u00a0\u00bb5&Prime; _address=\u00a0\u00bb1.0.1.1.5&Prime; open=\u00a0\u00bboff\u00a0\u00bb]<\/p>\n<p style=\"text-align: justify;\">El usuario puede obtener m\u00e1s informaci\u00f3n sobre las cookies propias utilizadas en el sitio web www.cuestionesclave.com por el titular de este sitio web, enviando un email a la direcci\u00f3n de correo electr\u00f3nico <a href=\"mailto:info@cuestionesclavecom\">info@cuestionesclave.com<\/a>. Para obtener m\u00e1s informaci\u00f3n sobre las cookies de terceros utilizadas en el sitio web www.cuestionesclave.com, el usuario puede dirigirse a los titulares de dichas cookies de terceros.<\/p>\n<p>[\/et_pb_accordion_item][\/et_pb_accordion][\/et_pb_column][et_pb_column type=\u00a0\u00bb1_5&Prime; _builder_version=\u00a0\u00bb3.25&Prime; custom_padding=\u00a0\u00bb|||\u00a0\u00bb _i=\u00a0\u00bb2&Prime; _address=\u00a0\u00bb1.0.2&Prime; custom_padding__hover=\u00a0\u00bb|||\u00a0\u00bb][\/et_pb_column][\/et_pb_row][\/et_pb_section]<\/p>\n","protected":false},"excerpt":{"rendered":"<p>Pol\u00edtica de cookies de cuestionesclave.comLas cookies son archivos de texto que un servidor web almacena o graba en el equipo inform\u00e1tico o dispositivo electr\u00f3nico del usuario de un sitio o p\u00e1gina web, entendi\u00e9ndose por usuario, la persona f\u00edsica que accede al sitio o p\u00e1gina web. Las cookies pueden almacenar informaci\u00f3n tanto del equipo terminal o [&hellip;]<\/p>\n","protected":false},"author":1,"featured_media":0,"parent":0,"menu_order":98,"comment_status":"closed","ping_status":"closed","template":"","meta":{"_et_pb_use_builder":"on","_et_pb_old_content":"","_et_gb_content_width":"","footnotes":""},"class_list":["post-2923","page","type-page","status-publish","hentry"],"_links":{"self":[{"href":"https:\/\/cuestionesclave.com\/fr\/wp-json\/wp\/v2\/pages\/2923","targetHints":{"allow":["GET"]}}],"collection":[{"href":"https:\/\/cuestionesclave.com\/fr\/wp-json\/wp\/v2\/pages"}],"about":[{"href":"https:\/\/cuestionesclave.com\/fr\/wp-json\/wp\/v2\/types\/page"}],"author":[{"embeddable":true,"href":"https:\/\/cuestionesclave.com\/fr\/wp-json\/wp\/v2\/users\/1"}],"replies":[{"embeddable":true,"href":"https:\/\/cuestionesclave.com\/fr\/wp-json\/wp\/v2\/comments?post=2923"}],"version-history":[{"count":0,"href":"https:\/\/cuestionesclave.com\/fr\/wp-json\/wp\/v2\/pages\/2923\/revisions"}],"wp:attachment":[{"href":"https:\/\/cuestionesclave.com\/fr\/wp-json\/wp\/v2\/media?parent=2923"}],"curies":[{"name":"wp","href":"https:\/\/api.w.org\/{rel}","templated":true}]}}